{"id":50245,"date":"2023-11-07T16:03:09","date_gmt":"2023-11-07T15:03:09","guid":{"rendered":"https:\/\/slorddemo.ecomcapsule.com\/about-us\/our-team\/"},"modified":"2025-09-26T14:55:17","modified_gmt":"2025-09-26T12:55:17","slug":"our-team","status":"publish","type":"page","link":"https:\/\/slord.sk\/en\/about-us\/our-team\/","title":{"rendered":"Our team"},"content":{"rendered":"\t\t<div data-elementor-type=\"wp-page\" data-elementor-id=\"50245\" class=\"elementor elementor-50245 elementor-63\" data-elementor-post-type=\"page\">\n\t\t\t\t<div class=\"elementor-element elementor-element-49f58ef e-flex e-con-boxed e-con e-parent\" data-id=\"49f58ef\" data-element_type=\"container\" data-e-type=\"container\">\n\t\t\t\t\t<div class=\"e-con-inner\">\n\t\t<div class=\"elementor-element elementor-element-15eded6 e-con-full e-flex e-con e-child\" data-id=\"15eded6\" data-element_type=\"container\" data-e-type=\"container\" data-settings=\"{&quot;background_background&quot;:&quot;classic&quot;}\">\n\t\t<div class=\"elementor-element elementor-element-fbeb8a4 e-flex e-con-boxed e-con e-child\" data-id=\"fbeb8a4\" data-element_type=\"container\" data-e-type=\"container\">\n\t\t\t\t\t<div class=\"e-con-inner\">\n\t\t<div class=\"elementor-element elementor-element-db2f20a e-flex e-con-boxed e-con e-child\" data-id=\"db2f20a\" data-element_type=\"container\" data-e-type=\"container\">\n\t\t\t\t\t<div class=\"e-con-inner\">\n\t\t\t\t<div class=\"elementor-element elementor-element-81d27f3 elementor-widget__width-initial elementor-widget elementor-widget-image\" data-id=\"81d27f3\" data-element_type=\"widget\" data-e-type=\"widget\" data-widget_type=\"image.default\">\n\t\t\t\t<div class=\"elementor-widget-container\">\n\t\t\t\t\t\t\t\t\t\t\t\t\t\t\t<img fetchpriority=\"high\" decoding=\"async\" width=\"320\" height=\"320\" src=\"https:\/\/slord.sk\/wp-content\/uploads\/2025\/09\/6.png\" class=\"attachment-large size-large wp-image-202016\" alt=\"\" srcset=\"https:\/\/slord.sk\/wp-content\/uploads\/2025\/09\/6.png 320w, https:\/\/slord.sk\/wp-content\/uploads\/2025\/09\/6-300x300.png 300w, https:\/\/slord.sk\/wp-content\/uploads\/2025\/09\/6-150x150.png 150w\" sizes=\"(max-width: 320px) 100vw, 320px\" \/>\t\t\t\t\t\t\t\t\t\t\t\t\t\t\t<\/div>\n\t\t\t\t<\/div>\n\t\t\t\t<div class=\"elementor-element elementor-element-a11a10d elementor-widget elementor-widget-heading\" data-id=\"a11a10d\" data-element_type=\"widget\" data-e-type=\"widget\" data-widget_type=\"heading.default\">\n\t\t\t\t<div class=\"elementor-widget-container\">\n\t\t\t\t\t<h2 class=\"elementor-heading-title elementor-size-default\">Monika Bideau Rep\u010d\u00edkov\u00e1<\/h2>\t\t\t\t<\/div>\n\t\t\t\t<\/div>\n\t\t\t\t<div class=\"elementor-element elementor-element-9f34d04 elementor-widget elementor-widget-text-editor\" data-id=\"9f34d04\" data-element_type=\"widget\" data-e-type=\"widget\" data-widget_type=\"text-editor.default\">\n\t\t\t\t<div class=\"elementor-widget-container\">\n\t\t\t\t\t\t\t\t\t<p>Head of Office<br \/><span style=\"font-weight: bolder;\">monika.repcikova@cvtisr.sk<\/span><\/p>\t\t\t\t\t\t\t\t<\/div>\n\t\t\t\t<\/div>\n\t\t\t\t\t<\/div>\n\t\t\t\t<\/div>\n\t\t\t\t\t<\/div>\n\t\t\t\t<\/div>\n\t\t<div class=\"elementor-element elementor-element-bbd5171 e-flex e-con-boxed e-con e-child\" data-id=\"bbd5171\" data-element_type=\"container\" data-e-type=\"container\">\n\t\t\t\t\t<div class=\"e-con-inner\">\n\t\t\t\t<div class=\"elementor-element elementor-element-8475821 elementor-widget elementor-widget-text-editor\" data-id=\"8475821\" data-element_type=\"widget\" data-e-type=\"widget\" data-widget_type=\"text-editor.default\">\n\t\t\t\t<div class=\"elementor-widget-container\">\n\t\t\t\t\t\t\t\t\t<ul><li><strong>Strategic Programme Committee<\/strong> (SPC)<\/li><li><strong>Strengthening the European Research Area<\/strong> (ERA)<\/li><li><strong>Cluster 2: <\/strong>Culture, Creativity and inclusive society<\/li><li><strong>New European Bauhaus<\/strong> (NEB)<\/li><\/ul>\t\t\t\t\t\t\t\t<\/div>\n\t\t\t\t<\/div>\n\t\t\t\t\t<\/div>\n\t\t\t\t<\/div>\n\t\t\t\t<\/div>\n\t\t<div class=\"elementor-element elementor-element-14eaa8c e-con-full e-flex e-con e-child\" data-id=\"14eaa8c\" data-element_type=\"container\" data-e-type=\"container\" data-settings=\"{&quot;background_background&quot;:&quot;classic&quot;}\">\n\t\t<div class=\"elementor-element elementor-element-bda6bab e-flex e-con-boxed e-con e-child\" data-id=\"bda6bab\" data-element_type=\"container\" data-e-type=\"container\">\n\t\t\t\t\t<div class=\"e-con-inner\">\n\t\t<div class=\"elementor-element elementor-element-e0529e9 e-flex e-con-boxed e-con e-child\" data-id=\"e0529e9\" data-element_type=\"container\" data-e-type=\"container\">\n\t\t\t\t\t<div class=\"e-con-inner\">\n\t\t\t\t<div class=\"elementor-element elementor-element-3b715ac elementor-widget__width-initial elementor-widget elementor-widget-image\" data-id=\"3b715ac\" data-element_type=\"widget\" data-e-type=\"widget\" data-widget_type=\"image.default\">\n\t\t\t\t<div class=\"elementor-widget-container\">\n\t\t\t\t\t\t\t\t\t\t\t\t\t\t\t<img decoding=\"async\" width=\"320\" height=\"320\" src=\"https:\/\/slord.sk\/wp-content\/uploads\/2024\/07\/Kamil-2.png\" class=\"attachment-large size-large wp-image-52200\" alt=\"\" \/>\t\t\t\t\t\t\t\t\t\t\t\t\t\t\t<\/div>\n\t\t\t\t<\/div>\n\t\t\t\t<div class=\"elementor-element elementor-element-b51afad elementor-widget elementor-widget-heading\" data-id=\"b51afad\" data-element_type=\"widget\" data-e-type=\"widget\" data-widget_type=\"heading.default\">\n\t\t\t\t<div class=\"elementor-widget-container\">\n\t\t\t\t\t<h2 class=\"elementor-heading-title elementor-size-default\">Kamil Nov\u00e1k<\/h2>\t\t\t\t<\/div>\n\t\t\t\t<\/div>\n\t\t\t\t<div class=\"elementor-element elementor-element-0254391 elementor-widget__width-initial elementor-widget elementor-widget-text-editor\" data-id=\"0254391\" data-element_type=\"widget\" data-e-type=\"widget\" data-widget_type=\"text-editor.default\">\n\t\t\t\t<div class=\"elementor-widget-container\">\n\t\t\t\t\t\t\t\t\t<p>Expert advisor<br \/><span style=\"font-weight: bolder;\">kamil.novak@cvtisr.sk<\/span><\/p>\t\t\t\t\t\t\t\t<\/div>\n\t\t\t\t<\/div>\n\t\t\t\t\t<\/div>\n\t\t\t\t<\/div>\n\t\t\t\t\t<\/div>\n\t\t\t\t<\/div>\n\t\t<div class=\"elementor-element elementor-element-6aefe37 e-con-full e-flex e-con e-child\" data-id=\"6aefe37\" data-element_type=\"container\" data-e-type=\"container\">\n\t\t<div class=\"elementor-element elementor-element-74d675d e-con-full e-flex e-con e-child\" data-id=\"74d675d\" data-element_type=\"container\" data-e-type=\"container\">\n\t\t\t\t<div class=\"elementor-element elementor-element-5d19889 elementor-widget elementor-widget-text-editor\" data-id=\"5d19889\" data-element_type=\"widget\" data-e-type=\"widget\" data-widget_type=\"text-editor.default\">\n\t\t\t\t<div class=\"elementor-widget-container\">\n\t\t\t\t\t\t\t\t\t<ul><li><span style=\"font-weight: bolder;\">Cluster 4: <\/span>Digital, industry and space<\/li><li><span style=\"font-weight: bolder;\">Cluster 5: <\/span>Energy and mobility<\/li><li><span style=\"font-weight: bolder;\">Widening participation and\u00a0 <\/span>(Widening)<\/li><li style=\"font-size: 16px;\"><span style=\"font-weight: bolder;\">European Innovation Council <\/span>(EIC)<\/li><li style=\"font-size: 16px;\"><span style=\"font-weight: bolder;\">European Innovation Ecosystems <\/span>(EIE)<\/li><li style=\"font-size: 16px;\"><span style=\"font-weight: bolder;\">European Institute of Innovation and Technology <\/span>(EIT)<\/li><li><span style=\"font-weight: bolder;\">\u00a0EURATOM<\/span><\/li><\/ul>\t\t\t\t\t\t\t\t<\/div>\n\t\t\t\t<\/div>\n\t\t\t\t<\/div>\n\t\t\t\t<\/div>\n\t\t\t\t<\/div>\n\t\t<div class=\"elementor-element elementor-element-ab4abea e-con-full e-flex e-con e-child\" data-id=\"ab4abea\" data-element_type=\"container\" data-e-type=\"container\" data-settings=\"{&quot;background_background&quot;:&quot;classic&quot;}\">\n\t\t<div class=\"elementor-element elementor-element-4c6019e e-flex e-con-boxed e-con e-child\" data-id=\"4c6019e\" data-element_type=\"container\" data-e-type=\"container\">\n\t\t\t\t\t<div class=\"e-con-inner\">\n\t\t<div class=\"elementor-element elementor-element-c56d6e4 e-flex e-con-boxed e-con e-child\" data-id=\"c56d6e4\" data-element_type=\"container\" data-e-type=\"container\">\n\t\t\t\t\t<div class=\"e-con-inner\">\n\t\t\t\t<div class=\"elementor-element elementor-element-a510da5 elementor-widget__width-initial elementor-widget elementor-widget-image\" data-id=\"a510da5\" data-element_type=\"widget\" data-e-type=\"widget\" data-widget_type=\"image.default\">\n\t\t\t\t<div class=\"elementor-widget-container\">\n\t\t\t\t\t\t\t\t\t\t\t\t\t\t\t<img decoding=\"async\" width=\"320\" height=\"320\" src=\"https:\/\/slord.sk\/wp-content\/uploads\/2024\/07\/Gabika.png\" class=\"attachment-large size-large wp-image-52185\" alt=\"\" \/>\t\t\t\t\t\t\t\t\t\t\t\t\t\t\t<\/div>\n\t\t\t\t<\/div>\n\t\t\t\t<div class=\"elementor-element elementor-element-46c34e4 elementor-widget elementor-widget-heading\" data-id=\"46c34e4\" data-element_type=\"widget\" data-e-type=\"widget\" data-widget_type=\"heading.default\">\n\t\t\t\t<div class=\"elementor-widget-container\">\n\t\t\t\t\t<h2 class=\"elementor-heading-title elementor-size-default\">Gabriela Nafoussi <\/h2>\t\t\t\t<\/div>\n\t\t\t\t<\/div>\n\t\t\t\t<div class=\"elementor-element elementor-element-d1a3546 elementor-widget elementor-widget-text-editor\" data-id=\"d1a3546\" data-element_type=\"widget\" data-e-type=\"widget\" data-widget_type=\"text-editor.default\">\n\t\t\t\t<div class=\"elementor-widget-container\">\n\t\t\t\t\t\t\t\t\t<p>Expert advisor<br \/><strong>gabriela.nafoussi@cvtisr.sk<\/strong><\/p>\t\t\t\t\t\t\t\t<\/div>\n\t\t\t\t<\/div>\n\t\t\t\t\t<\/div>\n\t\t\t\t<\/div>\n\t\t\t\t\t<\/div>\n\t\t\t\t<\/div>\n\t\t<div class=\"elementor-element elementor-element-197b478 e-con-full e-flex e-con e-child\" data-id=\"197b478\" data-element_type=\"container\" data-e-type=\"container\">\n\t\t\t\t<div class=\"elementor-element elementor-element-a685f8e elementor-widget elementor-widget-text-editor\" data-id=\"a685f8e\" data-element_type=\"widget\" data-e-type=\"widget\" data-widget_type=\"text-editor.default\">\n\t\t\t\t<div class=\"elementor-widget-container\">\n\t\t\t\t\t\t\t\t\t<ul><li><strong>Cluster 1: <\/strong>Health<\/li><li><strong>Cluster 3: <\/strong>Civil Security for Society<\/li><li><strong>European Research Council <\/strong>(ERC)<\/li><li><b>Marie\u00a0<\/b><b>Sk\u0142odowska-Curie Actions <\/b>(MSCA)<\/li><li><strong>European Research Infrastructures <\/strong><\/li><\/ul>\t\t\t\t\t\t\t\t<\/div>\n\t\t\t\t<\/div>\n\t\t\t\t<\/div>\n\t\t\t\t<\/div>\n\t\t<div class=\"elementor-element elementor-element-b0d2d9e e-con-full e-flex e-con e-child\" data-id=\"b0d2d9e\" data-element_type=\"container\" data-e-type=\"container\" data-settings=\"{&quot;background_background&quot;:&quot;classic&quot;}\">\n\t\t<div class=\"elementor-element elementor-element-8fc730d e-flex e-con-boxed e-con e-child\" data-id=\"8fc730d\" data-element_type=\"container\" data-e-type=\"container\">\n\t\t\t\t\t<div class=\"e-con-inner\">\n\t\t<div class=\"elementor-element elementor-element-a630b53 e-flex e-con-boxed e-con e-child\" data-id=\"a630b53\" data-element_type=\"container\" data-e-type=\"container\">\n\t\t\t\t\t<div class=\"e-con-inner\">\n\t\t\t\t<div class=\"elementor-element elementor-element-d4354df elementor-widget__width-initial elementor-widget elementor-widget-image\" data-id=\"d4354df\" data-element_type=\"widget\" data-e-type=\"widget\" data-widget_type=\"image.default\">\n\t\t\t\t<div class=\"elementor-widget-container\">\n\t\t\t\t\t\t\t\t\t\t\t\t\t\t\t<img loading=\"lazy\" decoding=\"async\" width=\"320\" height=\"320\" src=\"https:\/\/slord.sk\/wp-content\/uploads\/2024\/07\/Zuzka.png\" class=\"attachment-large size-large wp-image-52183\" alt=\"\" \/>\t\t\t\t\t\t\t\t\t\t\t\t\t\t\t<\/div>\n\t\t\t\t<\/div>\n\t\t\t\t<div class=\"elementor-element elementor-element-20ef48a elementor-widget elementor-widget-heading\" data-id=\"20ef48a\" data-element_type=\"widget\" data-e-type=\"widget\" data-widget_type=\"heading.default\">\n\t\t\t\t<div class=\"elementor-widget-container\">\n\t\t\t\t\t<h2 class=\"elementor-heading-title elementor-size-default\">Zuzana Ba\u010furov\u00e1<br><\/h2>\t\t\t\t<\/div>\n\t\t\t\t<\/div>\n\t\t\t\t<div class=\"elementor-element elementor-element-40964d6 elementor-widget elementor-widget-text-editor\" data-id=\"40964d6\" data-element_type=\"widget\" data-e-type=\"widget\" data-widget_type=\"text-editor.default\">\n\t\t\t\t<div class=\"elementor-widget-container\">\n\t\t\t\t\t\t\t\t\t<p>Expert advisor<br \/><strong>zuzana.badurova@cvtisr.sk<\/strong><\/p>\t\t\t\t\t\t\t\t<\/div>\n\t\t\t\t<\/div>\n\t\t\t\t\t<\/div>\n\t\t\t\t<\/div>\n\t\t\t\t\t<\/div>\n\t\t\t\t<\/div>\n\t\t<div class=\"elementor-element elementor-element-fc56bf3 e-flex e-con-boxed e-con e-child\" data-id=\"fc56bf3\" data-element_type=\"container\" data-e-type=\"container\">\n\t\t\t\t\t<div class=\"e-con-inner\">\n\t\t\t\t<div class=\"elementor-element elementor-element-fd2cc08 elementor-widget elementor-widget-text-editor\" data-id=\"fd2cc08\" data-element_type=\"widget\" data-e-type=\"widget\" data-widget_type=\"text-editor.default\">\n\t\t\t\t<div class=\"elementor-widget-container\">\n\t\t\t\t\t\t\t\t\t<ul><li><span style=\"font-weight: bolder;\">Cluster 5: <\/span>Climate<\/li><li><strong>Cluster 6: <\/strong>Food, bioeconomy, natural resources, agriculture and environment<\/li><li><strong>Joint Research Centre <\/strong>(JRC)<\/li><\/ul>\t\t\t\t\t\t\t\t<\/div>\n\t\t\t\t<\/div>\n\t\t\t\t<div class=\"elementor-element elementor-element-812acf0 elementor-widget elementor-widget-spacer\" data-id=\"812acf0\" data-element_type=\"widget\" data-e-type=\"widget\" data-widget_type=\"spacer.default\">\n\t\t\t\t<div class=\"elementor-widget-container\">\n\t\t\t\t\t\t\t<div class=\"elementor-spacer\">\n\t\t\t<div class=\"elementor-spacer-inner\"><\/div>\n\t\t<\/div>\n\t\t\t\t\t\t<\/div>\n\t\t\t\t<\/div>\n\t\t\t\t\t<\/div>\n\t\t\t\t<\/div>\n\t\t\t\t<\/div>\n\t\t\t\t\t<\/div>\n\t\t\t\t<\/div>\n\t\t<div class=\"elementor-element elementor-element-5852372 e-flex e-con-boxed e-con e-parent\" data-id=\"5852372\" data-element_type=\"container\" data-e-type=\"container\">\n\t\t\t\t\t<div class=\"e-con-inner\">\n\t\t\t\t\t<\/div>\n\t\t\t\t<\/div>\n\t\t<div class=\"elementor-element elementor-element-4736d8f e-flex e-con-boxed e-con e-parent\" data-id=\"4736d8f\" data-element_type=\"container\" data-e-type=\"container\">\n\t\t\t\t\t<div class=\"e-con-inner\">\n\t\t<div class=\"elementor-element elementor-element-2a1f856 e-con-full e-flex e-con e-child\" data-id=\"2a1f856\" data-element_type=\"container\" data-e-type=\"container\" data-settings=\"{&quot;background_background&quot;:&quot;classic&quot;}\">\n\t\t\t\t<\/div>\n\t\t\t\t\t<\/div>\n\t\t\t\t<\/div>\n\t\t<div class=\"elementor-element elementor-element-5241687 e-flex e-con-boxed e-con e-parent\" data-id=\"5241687\" data-element_type=\"container\" data-e-type=\"container\">\n\t\t\t\t\t<div class=\"e-con-inner\">\n\t\t\t\t\t<\/div>\n\t\t\t\t<\/div>\n\t\t<div class=\"elementor-element elementor-element-e95ff19 e-flex e-con-boxed e-con e-parent\" data-id=\"e95ff19\" data-element_type=\"container\" data-e-type=\"container\">\n\t\t\t\t\t<div class=\"e-con-inner\">\n\t\t\t\t\t<\/div>\n\t\t\t\t<\/div>\n\t\t<div class=\"elementor-element elementor-element-ecdaf05 e-flex e-con-boxed e-con e-parent\" data-id=\"ecdaf05\" data-element_type=\"container\" data-e-type=\"container\">\n\t\t\t\t\t<div class=\"e-con-inner\">\n\t\t\t\t\t<\/div>\n\t\t\t\t<\/div>\n\t\t<div class=\"elementor-element elementor-element-4499f2c e-flex e-con-boxed e-con e-parent\" data-id=\"4499f2c\" data-element_type=\"container\" data-e-type=\"container\">\n\t\t\t\t\t<div class=\"e-con-inner\">\n\t\t\t\t\t<\/div>\n\t\t\t\t<\/div>\n\t\t\t\t<\/div>\n\t\t","protected":false},"excerpt":{"rendered":"<p>Monika Bideau Rep\u010d\u00edkov\u00e1 Head of Officemonika.repcikova@cvtisr.sk Strategic Programme Committee (SPC) Strengthening the European Research Area (ERA) Cluster 2: Culture, Creativity and inclusive society New European Bauhaus (NEB) Kamil Nov\u00e1k Expert advisorkamil.novak@cvtisr.sk Cluster 4: Digital, industry and space Cluster 5: Energy and mobility Widening participation and\u00a0 (Widening) European Innovation Council (EIC) European Innovation Ecosystems (EIE) European [&hellip;]<\/p>\n","protected":false},"author":1,"featured_media":0,"parent":50241,"menu_order":0,"comment_status":"closed","ping_status":"closed","template":"","meta":{"_acf_changed":false,"footnotes":""},"class_list":["post-50245","page","type-page","status-publish","hentry"],"acf":[],"_links":{"self":[{"href":"https:\/\/slord.sk\/en\/wp-json\/wp\/v2\/pages\/50245","targetHints":{"allow":["GET"]}}],"collection":[{"href":"https:\/\/slord.sk\/en\/wp-json\/wp\/v2\/pages"}],"about":[{"href":"https:\/\/slord.sk\/en\/wp-json\/wp\/v2\/types\/page"}],"author":[{"embeddable":true,"href":"https:\/\/slord.sk\/en\/wp-json\/wp\/v2\/users\/1"}],"replies":[{"embeddable":true,"href":"https:\/\/slord.sk\/en\/wp-json\/wp\/v2\/comments?post=50245"}],"version-history":[{"count":38,"href":"https:\/\/slord.sk\/en\/wp-json\/wp\/v2\/pages\/50245\/revisions"}],"predecessor-version":[{"id":202079,"href":"https:\/\/slord.sk\/en\/wp-json\/wp\/v2\/pages\/50245\/revisions\/202079"}],"up":[{"embeddable":true,"href":"https:\/\/slord.sk\/en\/wp-json\/wp\/v2\/pages\/50241"}],"wp:attachment":[{"href":"https:\/\/slord.sk\/en\/wp-json\/wp\/v2\/media?parent=50245"}],"curies":[{"name":"wp","href":"https:\/\/api.w.org\/{rel}","templated":true}]}}