{"id":50317,"date":"2023-11-07T16:09:55","date_gmt":"2023-11-07T15:09:55","guid":{"rendered":"https:\/\/slorddemo.ecomcapsule.com\/news\/"},"modified":"2025-01-13T13:38:48","modified_gmt":"2025-01-13T12:38:48","slug":"news","status":"publish","type":"page","link":"https:\/\/slord.sk\/en\/news\/","title":{"rendered":"News"},"content":{"rendered":"\t\t<div data-elementor-type=\"wp-page\" data-elementor-id=\"50317\" class=\"elementor elementor-50317 elementor-111\" data-elementor-post-type=\"page\">\n\t\t\t\t<div class=\"elementor-element elementor-element-f8dacf7 e-flex e-con-boxed e-con e-parent\" data-id=\"f8dacf7\" data-element_type=\"container\" data-e-type=\"container\">\n\t\t\t\t\t<div class=\"e-con-inner\">\n\t\t<div class=\"elementor-element elementor-element-5b75a6e e-con-full e-flex e-con e-child\" data-id=\"5b75a6e\" data-element_type=\"container\" data-e-type=\"container\">\n\t\t<div class=\"elementor-element elementor-element-d0c1d4a e-con-full e-flex e-con e-child\" data-id=\"d0c1d4a\" data-element_type=\"container\" data-e-type=\"container\" data-settings=\"{&quot;background_background&quot;:&quot;classic&quot;}\">\n\t\t\t\t<div class=\"elementor-element elementor-element-ca86bec elementor-position-inline-start elementor-view-default elementor-mobile-position-block-start elementor-widget elementor-widget-icon-box\" data-id=\"ca86bec\" data-element_type=\"widget\" data-e-type=\"widget\" data-widget_type=\"icon-box.default\">\n\t\t\t\t<div class=\"elementor-widget-container\">\n\t\t\t\t\t\t\t<div class=\"elementor-icon-box-wrapper\">\n\n\t\t\t\t\t\t<div class=\"elementor-icon-box-icon\">\n\t\t\t\t<a href=\"https:\/\/slorddemo.ecomcapsule.com\/aktuality\/\" class=\"elementor-icon\" tabindex=\"-1\" aria-label=\"NEWS\">\n\t\t\t\t<svg aria-hidden=\"true\" class=\"e-font-icon-svg e-fas-book\" viewBox=\"0 0 448 512\" xmlns=\"http:\/\/www.w3.org\/2000\/svg\"><path d=\"M448 360V24c0-13.3-10.7-24-24-24H96C43 0 0 43 0 96v320c0 53 43 96 96 96h328c13.3 0 24-10.7 24-24v-16c0-7.5-3.5-14.3-8.9-18.7-4.2-15.4-4.2-59.3 0-74.7 5.4-4.3 8.9-11.1 8.9-18.6zM128 134c0-3.3 2.7-6 6-6h212c3.3 0 6 2.7 6 6v20c0 3.3-2.7 6-6 6H134c-3.3 0-6-2.7-6-6v-20zm0 64c0-3.3 2.7-6 6-6h212c3.3 0 6 2.7 6 6v20c0 3.3-2.7 6-6 6H134c-3.3 0-6-2.7-6-6v-20zm253.4 250H96c-17.7 0-32-14.3-32-32 0-17.6 14.4-32 32-32h285.4c-1.9 17.1-1.9 46.9 0 64z\"><\/path><\/svg>\t\t\t\t<\/a>\n\t\t\t<\/div>\n\t\t\t\n\t\t\t\t\t\t<div class=\"elementor-icon-box-content\">\n\n\t\t\t\t\t\t\t\t\t<h3 class=\"elementor-icon-box-title\">\n\t\t\t\t\t\t<a href=\"https:\/\/slorddemo.ecomcapsule.com\/aktuality\/\" >\n\t\t\t\t\t\t\tNEWS\t\t\t\t\t\t<\/a>\n\t\t\t\t\t<\/h3>\n\t\t\t\t\n\t\t\t\t\n\t\t\t<\/div>\n\t\t\t\n\t\t<\/div>\n\t\t\t\t\t\t<\/div>\n\t\t\t\t<\/div>\n\t\t\t\t<div class=\"elementor-element elementor-element-9488e5b elementor-widget__width-initial elementor-widget elementor-widget-shortcode\" data-id=\"9488e5b\" data-element_type=\"widget\" data-e-type=\"widget\" data-widget_type=\"shortcode.default\">\n\t\t\t\t<div class=\"elementor-widget-container\">\n\t\t\t\t\t\t\t<div class=\"elementor-shortcode\"><ul class=\"event-list\"><li class=\"event-item\"><div class=\"aktualita-tags\"><span class=\"aktualita-tag tag-news\">News<\/span> <\/div><h2 class=\"event-title\"><a href=\"https:\/\/slord.sk\/en\/aktualita\/slovakias-significant-success-in-calls-for-proposals-in-the-field-of-civil-security-for-society\/\">Slovakia&#8217;s significant success in calls for proposals in the field of Civil security for society<\/a><\/h2>\n                          <div class=\"event-excerpt\">Slovakia achieved impressive results in the overall success rate of approved project proposals in Cluster 3 of the Horizon Europe.<\/div>\n                          <\/li><li class=\"event-item\"><div class=\"aktualita-tags\"><span class=\"aktualita-tag tag-general\">General<\/span> <\/div><h2 class=\"event-title\"><a href=\"https:\/\/slord.sk\/en\/aktualita\/slovakia-has-become-an-observer-in-the-extreme-light-infrastructure-eric-eli\/\">Slovakia has become an observer in the Extreme Light Infrastructure ERIC (ELI)<\/a><\/h2>\n                          <div class=\"event-excerpt\">Slovakia has linked its national research capabilities with one of the flagships of European scientific infrastructures.<\/div>\n                          <\/li><li class=\"event-item\"><div class=\"aktualita-tags\"><span class=\"aktualita-tag tag-news\">News<\/span> <\/div><h2 class=\"event-title\"><a href=\"https:\/\/slord.sk\/en\/aktualita\/emerge-eu-study-visit-for-emerging-researchers-in-advanced-materials-to-brussels-and-ghent\/\">EMERGE-EU: Study visit for emerging researchers in advanced materials to Brussels and Ghent<\/a><\/h2>\n                          <div class=\"event-excerpt\">Participants enjoyed a rich and varied program focusing on EU policies, funding instruments, and a visit to the Ghent University.<\/div>\n                          <\/li><li class=\"event-item\"><div class=\"aktualita-tags\"><span class=\"aktualita-tag tag-news\">News<\/span> <\/div><h2 class=\"event-title\"><a href=\"https:\/\/slord.sk\/en\/aktualita\/commission-appoints-members-of-the-new-eic-board\/\">Commission appoints members of the new EIC Board<\/a><\/h2>\n                          <div class=\"event-excerpt\">Slovak expert Michaela Kr\u0161kov\u00e1 remains on the Board from the previous mandate.<\/div>\n                          <\/li><\/ul><\/div>\n\t\t\t\t\t\t<\/div>\n\t\t\t\t<\/div>\n\t\t\t\t<\/div>\n\t\t\t\t<\/div>\n\t\t<div class=\"elementor-element elementor-element-fe82606 e-con-full e-flex e-con e-child\" data-id=\"fe82606\" data-element_type=\"container\" data-e-type=\"container\">\n\t\t<div class=\"elementor-element elementor-element-1844f5e e-con-full e-flex e-con e-child\" data-id=\"1844f5e\" data-element_type=\"container\" data-e-type=\"container\" data-settings=\"{&quot;background_background&quot;:&quot;classic&quot;}\">\n\t\t\t\t<div class=\"elementor-element elementor-element-50c1fdb elementor-position-inline-start elementor-view-default elementor-mobile-position-block-start elementor-widget elementor-widget-icon-box\" data-id=\"50c1fdb\" data-element_type=\"widget\" data-e-type=\"widget\" data-widget_type=\"icon-box.default\">\n\t\t\t\t<div class=\"elementor-widget-container\">\n\t\t\t\t\t\t\t<div class=\"elementor-icon-box-wrapper\">\n\n\t\t\t\t\t\t<div class=\"elementor-icon-box-icon\">\n\t\t\t\t<a href=\"https:\/\/slorddemo.ecomcapsule.com\/podujatia\/\" class=\"elementor-icon\" tabindex=\"-1\" aria-label=\"EVENTS\">\n\t\t\t\t<svg aria-hidden=\"true\" class=\"e-font-icon-svg e-far-calendar-alt\" viewBox=\"0 0 448 512\" xmlns=\"http:\/\/www.w3.org\/2000\/svg\"><path d=\"M148 288h-40c-6.6 0-12-5.4-12-12v-40c0-6.6 5.4-12 12-12h40c6.6 0 12 5.4 12 12v40c0 6.6-5.4 12-12 12zm108-12v-40c0-6.6-5.4-12-12-12h-40c-6.6 0-12 5.4-12 12v40c0 6.6 5.4 12 12 12h40c6.6 0 12-5.4 12-12zm96 0v-40c0-6.6-5.4-12-12-12h-40c-6.6 0-12 5.4-12 12v40c0 6.6 5.4 12 12 12h40c6.6 0 12-5.4 12-12zm-96 96v-40c0-6.6-5.4-12-12-12h-40c-6.6 0-12 5.4-12 12v40c0 6.6 5.4 12 12 12h40c6.6 0 12-5.4 12-12zm-96 0v-40c0-6.6-5.4-12-12-12h-40c-6.6 0-12 5.4-12 12v40c0 6.6 5.4 12 12 12h40c6.6 0 12-5.4 12-12zm192 0v-40c0-6.6-5.4-12-12-12h-40c-6.6 0-12 5.4-12 12v40c0 6.6 5.4 12 12 12h40c6.6 0 12-5.4 12-12zm96-260v352c0 26.5-21.5 48-48 48H48c-26.5 0-48-21.5-48-48V112c0-26.5 21.5-48 48-48h48V12c0-6.6 5.4-12 12-12h40c6.6 0 12 5.4 12 12v52h128V12c0-6.6 5.4-12 12-12h40c6.6 0 12 5.4 12 12v52h48c26.5 0 48 21.5 48 48zm-48 346V160H48v298c0 3.3 2.7 6 6 6h340c3.3 0 6-2.7 6-6z\"><\/path><\/svg>\t\t\t\t<\/a>\n\t\t\t<\/div>\n\t\t\t\n\t\t\t\t\t\t<div class=\"elementor-icon-box-content\">\n\n\t\t\t\t\t\t\t\t\t<h3 class=\"elementor-icon-box-title\">\n\t\t\t\t\t\t<a href=\"https:\/\/slorddemo.ecomcapsule.com\/podujatia\/\" >\n\t\t\t\t\t\t\tEVENTS\t\t\t\t\t\t<\/a>\n\t\t\t\t\t<\/h3>\n\t\t\t\t\n\t\t\t\t\n\t\t\t<\/div>\n\t\t\t\n\t\t<\/div>\n\t\t\t\t\t\t<\/div>\n\t\t\t\t<\/div>\n\t\t\t\t<div class=\"elementor-element elementor-element-41929bd elementor-grid-eael-col-1 elementor-grid-tablet-eael-col-2 elementor-grid-mobile-eael-col-1 elementor-widget elementor-widget-eael-post-grid\" data-id=\"41929bd\" data-element_type=\"widget\" data-e-type=\"widget\" data-settings=\"{&quot;eael_post_grid_columns&quot;:&quot;eael-col-1&quot;,&quot;eael_post_grid_columns_tablet&quot;:&quot;eael-col-2&quot;,&quot;eael_post_grid_columns_mobile&quot;:&quot;eael-col-1&quot;}\" data-widget_type=\"eael-post-grid.default\">\n\t\t\t\t<div class=\"elementor-widget-container\">\n\t\t\t\t\t<div id=\"eael-post-grid-41929bd\" class=\"eael-post-grid-container\">\n            <div class=\"eael-post-grid eael-post-appender eael-post-appender-41929bd eael-post-grid-style-one\" data-layout-mode=\"grid\"><article class=\"eael-grid-post eael-post-grid-column\" data-id=\"262755\">\n        <div class=\"eael-grid-post-holder\">\n            <div class=\"eael-grid-post-holder-inner\"><div class=\"eael-entry-wrapper\"><header class=\"eael-entry-header\"><h2 class=\"eael-entry-title\"><a\n                        class=\"eael-grid-post-link\"\n                        href=\"https:\/\/slord.sk\/en\/podujatie\/partnering-for-horizon-europe-2026-building-consortia-in-circular-bio-based-innovation\/\"\n                        title=\"Partnering for Horizon Europe 2026: Building Consortia in Circular &amp; Bio-Based Innovation\">Partnering for Horizon Europe 2026: Building Consortia in Circular &amp; Bio-Based Innovation<\/a><\/h2><\/header><div class=\"eael-entry-content\">\n                        <div class=\"eael-grid-post-excerpt\"><p>Interactive matchmaking event focused on partner search and the formation of project consortia within the Horizon Europe programme.<\/p><\/div>\n                    <\/div><div class=\"eael-entry-footer\"><div class=\"eael-entry-meta\"><\/div><\/div><\/div><\/div>\n        <\/div>\n    <\/article><article class=\"eael-grid-post eael-post-grid-column\" data-id=\"239784\">\n        <div class=\"eael-grid-post-holder\">\n            <div class=\"eael-grid-post-holder-inner\"><div class=\"eael-entry-wrapper\"><header class=\"eael-entry-header\"><h2 class=\"eael-entry-title\"><a\n                        class=\"eael-grid-post-link\"\n                        href=\"https:\/\/slord.sk\/en\/podujatie\/policy-answers-final-event-towards-a-stronger-european-research-area-lessons-and-pathways-for-the-western-balkans-participation\/\"\n                        title=\"POLICY ANSWERS Final Event \u2013 Towards a Stronger European Research Area: Lessons and Pathways for the Western Balkans\u2019 Participation\">POLICY ANSWERS Final Event \u2013 Towards a Stronger European Research Area: Lessons and Pathways for the Western Balkans\u2019 Participation<\/a><\/h2><\/header><div class=\"eael-entry-content\">\n                        <div class=\"eael-grid-post-excerpt\"><p>The event in Albania will bring together experts, and key stakeholders from across the Western Balkans and the EU.<\/p><\/div>\n                    <\/div><div class=\"eael-entry-footer\"><div class=\"eael-entry-meta\"><\/div><\/div><\/div><\/div>\n        <\/div>\n    <\/article><article class=\"eael-grid-post eael-post-grid-column\" data-id=\"205027\">\n        <div class=\"eael-grid-post-holder\">\n            <div class=\"eael-grid-post-holder-inner\"><div class=\"eael-entry-wrapper\"><header class=\"eael-entry-header\"><h2 class=\"eael-entry-title\"><a\n                        class=\"eael-grid-post-link\"\n                        href=\"https:\/\/slord.sk\/en\/podujatie\/twin-up-2026-online-widera-pre-brokerage-event\/\"\n                        title=\"TWIN UP 2026 \u2013 Online WIDERA Pre-Brokerage Event\">TWIN UP 2026 \u2013 Online WIDERA Pre-Brokerage Event<\/a><\/h2><\/header><div class=\"eael-entry-content\">\n                        <div class=\"eael-grid-post-excerpt\"><p>5.11.2025 - online - Meet motivated Slovak coordinators for Twinning call for proposal coming next year<\/p><\/div>\n                    <\/div><div class=\"eael-entry-footer\"><div class=\"eael-entry-meta\"><\/div><\/div><\/div><\/div>\n        <\/div>\n    <\/article><article class=\"eael-grid-post eael-post-grid-column\" data-id=\"196398\">\n        <div class=\"eael-grid-post-holder\">\n            <div class=\"eael-grid-post-holder-inner\"><div class=\"eael-entry-wrapper\"><header class=\"eael-entry-header\"><h2 class=\"eael-entry-title\"><a\n                        class=\"eael-grid-post-link\"\n                        href=\"https:\/\/slord.sk\/en\/podujatie\/ai-powered-solutions-transforming-healthcare\/\"\n                        title=\"AI-Powered Solutions Transforming Healthcare\">AI-Powered Solutions Transforming Healthcare<\/a><\/h2><\/header><div class=\"eael-entry-content\">\n                        <div class=\"eael-grid-post-excerpt\"><p>October 22, 2025 - Discussion - Brussels<\/p><\/div>\n                    <\/div><div class=\"eael-entry-footer\"><div class=\"eael-entry-meta\"><\/div><\/div><\/div><\/div>\n        <\/div>\n    <\/article><article class=\"eael-grid-post eael-post-grid-column\" data-id=\"185015\">\n        <div class=\"eael-grid-post-holder\">\n            <div class=\"eael-grid-post-holder-inner\"><div class=\"eael-entry-wrapper\"><header class=\"eael-entry-header\"><h2 class=\"eael-entry-title\"><a\n                        class=\"eael-grid-post-link\"\n                        href=\"https:\/\/slord.sk\/en\/podujatie\/match-making-event-for-cluster-2\/\"\n                        title=\"Match-Making Event for Cluster 2\">Match-Making Event for Cluster 2<\/a><\/h2><\/header><div class=\"eael-entry-content\">\n                        <div class=\"eael-grid-post-excerpt\"><p>November 20, 2025 \u2013 Brokerage \u2013 Brussels<\/p><\/div>\n                    <\/div><div class=\"eael-entry-footer\"><div class=\"eael-entry-meta\"><\/div><\/div><\/div><\/div>\n        <\/div>\n    <\/article><article class=\"eael-grid-post eael-post-grid-column\" data-id=\"184603\">\n        <div class=\"eael-grid-post-holder\">\n            <div class=\"eael-grid-post-holder-inner\"><div class=\"eael-entry-wrapper\"><header class=\"eael-entry-header\"><h2 class=\"eael-entry-title\"><a\n                        class=\"eael-grid-post-link\"\n                        href=\"https:\/\/slord.sk\/en\/podujatie\/cybersecurity-in-motion-a-collaborative-workshop\/\"\n                        title=\"Cybersecurity In Motion: A Collaborative Workshop\">Cybersecurity In Motion: A Collaborative Workshop<\/a><\/h2><\/header><div class=\"eael-entry-content\">\n                        <div class=\"eael-grid-post-excerpt\"><p>SLORD together with Lithuanian RDI Liaison Office\u00a0and\u00a0CDTI SOST The Spanish Office for Science and Technology\u00a0are pleased to invite you to...<\/p><\/div>\n                    <\/div><div class=\"eael-entry-footer\"><div class=\"eael-entry-meta\"><\/div><\/div><\/div><\/div>\n        <\/div>\n    <\/article><article class=\"eael-grid-post eael-post-grid-column\" data-id=\"145448\">\n        <div class=\"eael-grid-post-holder\">\n            <div class=\"eael-grid-post-holder-inner\"><div class=\"eael-entry-wrapper\"><header class=\"eael-entry-header\"><h2 class=\"eael-entry-title\"><a\n                        class=\"eael-grid-post-link\"\n                        href=\"https:\/\/slord.sk\/en\/podujatie\/national-roundtables-series-on-100-renewable-heating-and-cooling-slovak-edition\/\"\n                        title=\"National Roundtables Series on 100% Renewable Heating and Cooling: Slovak edition\">National Roundtables Series on 100% Renewable Heating and Cooling: Slovak edition<\/a><\/h2><\/header><div class=\"eael-entry-content\">\n                        <div class=\"eael-grid-post-excerpt\"><p>26.5.2025 - Webin\u00e1r - Online<\/p><\/div>\n                    <\/div><div class=\"eael-entry-footer\"><div class=\"eael-entry-meta\"><\/div><\/div><\/div><\/div>\n        <\/div>\n    <\/article><\/div>\n            <div class=\"clearfix\"><\/div>\n        <\/div>            <div class=\"eael-load-more-button-wrap eael-force-hide\">\n                <button class=\"eael-load-more-button\" id=\"eael-load-more-btn-41929bd\" data-widget-id=\"41929bd\" data-widget=\"41929bd\" data-page-id=\"50317\" data-template=\"{&quot;dir&quot;:&quot;lite&quot;,&quot;file_name&quot;:&quot;default.php&quot;,&quot;name&quot;:&quot;Post-Grid&quot;}\" data-class=\"Essential_Addons_Elementor\\Elements\\Post_Grid\" data-layout=\"grid\" data-page=\"1\" data-args=\"orderby=date&amp;order=desc&amp;ignore_sticky_posts=1&amp;post_status=publish&amp;posts_per_page=7&amp;offset=0&amp;post_type=podujatie\" data-max-page=\"2\">\n                    <span class=\"eael-btn-loader button__loader\"><\/span>\n                    <span class=\"eael_load_more_text\">Load More<\/span>\n                <\/button>\n            <\/div>\n            \t\t\t\t<\/div>\n\t\t\t\t<\/div>\n\t\t\t\t<\/div>\n\t\t\t\t<\/div>\n\t\t\t\t\t<\/div>\n\t\t\t\t<\/div>\n\t\t\t\t<\/div>\n\t\t","protected":false},"excerpt":{"rendered":"<p>NEWS EVENTS N\u00e1rodn\u00e9 infodni k n\u00e1vrhom pracovn\u00fdch programov Horizontu Eur\u00f3pa na rok 2025 Pripravujeme pre v\u00e1s \u010fal\u0161ie n\u00e1rodn\u00e9 informa\u010dn\u00e9 dni. Inova\u010dn\u00fd fond &#8211; info de\u0148: V\u00fdzva pre emisne neutr\u00e1lne technol\u00f3gie a v\u00fdzva pre v\u00fdrobu bat\u00e9riov\u00fdch \u010dl\u00e1nkov pre elektromobily 17.-18.12.2024 \u2013 CINEA, DG CLIMA \u2013 Online Policy Event Toward the Cultural Heritage Cloud Ofici\u00e1lne otvorenie Eur\u00f3pskeho [&hellip;]<\/p>\n","protected":false},"author":1,"featured_media":0,"parent":0,"menu_order":0,"comment_status":"closed","ping_status":"closed","template":"","meta":{"_acf_changed":false,"footnotes":""},"class_list":["post-50317","page","type-page","status-publish","hentry"],"acf":[],"_links":{"self":[{"href":"https:\/\/slord.sk\/en\/wp-json\/wp\/v2\/pages\/50317","targetHints":{"allow":["GET"]}}],"collection":[{"href":"https:\/\/slord.sk\/en\/wp-json\/wp\/v2\/pages"}],"about":[{"href":"https:\/\/slord.sk\/en\/wp-json\/wp\/v2\/types\/page"}],"author":[{"embeddable":true,"href":"https:\/\/slord.sk\/en\/wp-json\/wp\/v2\/users\/1"}],"replies":[{"embeddable":true,"href":"https:\/\/slord.sk\/en\/wp-json\/wp\/v2\/comments?post=50317"}],"version-history":[{"count":4,"href":"https:\/\/slord.sk\/en\/wp-json\/wp\/v2\/pages\/50317\/revisions"}],"predecessor-version":[{"id":103079,"href":"https:\/\/slord.sk\/en\/wp-json\/wp\/v2\/pages\/50317\/revisions\/103079"}],"wp:attachment":[{"href":"https:\/\/slord.sk\/en\/wp-json\/wp\/v2\/media?parent=50317"}],"curies":[{"name":"wp","href":"https:\/\/api.w.org\/{rel}","templated":true}]}}