{"id":50319,"date":"2023-11-07T16:10:03","date_gmt":"2023-11-07T15:10:03","guid":{"rendered":"https:\/\/slorddemo.ecomcapsule.com\/news\/recommended\/"},"modified":"2026-01-29T14:11:36","modified_gmt":"2026-01-29T13:11:36","slug":"recommended","status":"publish","type":"page","link":"https:\/\/slord.sk\/en\/recommended\/","title":{"rendered":"Recommended"},"content":{"rendered":"\t\t<div data-elementor-type=\"wp-page\" data-elementor-id=\"50319\" class=\"elementor elementor-50319 elementor-112\" data-elementor-post-type=\"page\">\n\t\t\t\t<div class=\"elementor-element elementor-element-7fc325d e-flex e-con-boxed e-con e-parent\" data-id=\"7fc325d\" data-element_type=\"container\" data-e-type=\"container\">\n\t\t\t\t\t<div class=\"e-con-inner\">\n\t\t<div class=\"elementor-element elementor-element-a0bf0d3 e-con-full e-flex e-con e-child\" data-id=\"a0bf0d3\" data-element_type=\"container\" data-e-type=\"container\">\n\t\t\t\t<div class=\"elementor-element elementor-element-ee1df51 elementor-widget elementor-widget-n-accordion\" data-id=\"ee1df51\" data-element_type=\"widget\" data-e-type=\"widget\" data-settings=\"{&quot;default_state&quot;:&quot;all_collapsed&quot;,&quot;max_items_expended&quot;:&quot;one&quot;,&quot;n_accordion_animation_duration&quot;:{&quot;unit&quot;:&quot;ms&quot;,&quot;size&quot;:400,&quot;sizes&quot;:[]}}\" data-widget_type=\"nested-accordion.default\">\n\t\t\t\t<div class=\"elementor-widget-container\">\n\t\t\t\t\t\t\t<div class=\"e-n-accordion\" aria-label=\"Accordion. Open links with Enter or Space, close with Escape, and navigate with Arrow Keys\">\n\t\t\t\t\t\t<details id=\"e-n-accordion-item-2490\" class=\"e-n-accordion-item\" >\n\t\t\t\t<summary class=\"e-n-accordion-item-title\" data-accordion-index=\"1\" tabindex=\"0\" aria-expanded=\"false\" aria-controls=\"e-n-accordion-item-2490\" >\n\t\t\t\t\t<span class='e-n-accordion-item-title-header'><div class=\"e-n-accordion-item-title-text\"> Oblasti slord <\/div><\/span>\n\t\t\t\t\t\t\t<span class='e-n-accordion-item-title-icon'>\n\t\t\t<span class='e-opened' ><i aria-hidden=\"true\" class=\"icon icon-chevron-up\"><\/i><\/span>\n\t\t\t<span class='e-closed'><i aria-hidden=\"true\" class=\"icon icon-chevron-down\"><\/i><\/span>\n\t\t<\/span>\n\n\t\t\t\t\t\t<\/summary>\n\t\t\t\t<div role=\"region\" aria-labelledby=\"e-n-accordion-item-2490\" class=\"elementor-element elementor-element-20ffd9f e-con-full e-flex e-con e-child\" data-id=\"20ffd9f\" data-element_type=\"container\" data-e-type=\"container\">\n\t\t\t\t<div class=\"elementor-element elementor-element-48d2dc5 elementor-widget elementor-widget-taxonomy-filter\" data-id=\"48d2dc5\" data-element_type=\"widget\" data-e-type=\"widget\" data-settings=\"{&quot;selected_element&quot;:&quot;07c9c75&quot;,&quot;taxonomy&quot;:&quot;oblast-slord&quot;,&quot;multiple_selection&quot;:&quot;yes&quot;,&quot;logical_combination&quot;:&quot;AND&quot;}\" data-widget_type=\"taxonomy-filter.default\">\n\t\t\t\t<div class=\"elementor-widget-container\">\n\t\t\t\t\t\t\t<search class=\"e-filter\" role=\"search\" data-base-url=\"https:\/\/slord.sk\/en\/\" data-page-num=\"1\">\n\t\t\t\t\t\t\t<button class=\"e-filter-item\" data-filter=\"polnohospodarstvo-a-zivotne-prostredie-en\" aria-pressed=\"false\">agriculture and the environment<\/button>\n\t\t\t\t\t\t\t<button class=\"e-filter-item\" data-filter=\"ai-en\" aria-pressed=\"false\">AI<\/button>\n\t\t\t\t\t\t\t<button class=\"e-filter-item\" data-filter=\"klaster-1-zdravie-en\" aria-pressed=\"false\">Cluster 1: Health<\/button>\n\t\t\t\t\t\t\t<button class=\"e-filter-item\" data-filter=\"klaster-2-kultura-tvorivost-a-inkluzivna-spolocnost-en\" aria-pressed=\"false\">Cluster 2: Culture \u2013 creativity and inclusive society<\/button>\n\t\t\t\t\t\t\t<button class=\"e-filter-item\" data-filter=\"klaster-3-civilna-bezpecnost-pre-spolocnost-en\" aria-pressed=\"false\">Cluster 3: Civil security for society<\/button>\n\t\t\t\t\t\t\t<button class=\"e-filter-item\" data-filter=\"klaster-4-digitalizacia-priemysel-a-vesmir-en\" aria-pressed=\"false\">Cluster 4: Digitization \u2013 Industry and Space<\/button>\n\t\t\t\t\t\t\t<button class=\"e-filter-item\" data-filter=\"klaster-5-klima-energetika-a-mobilita-en\" aria-pressed=\"false\">Cluster 5: Climate\u2013energy and mobility<\/button>\n\t\t\t\t\t\t\t<button class=\"e-filter-item\" data-filter=\"klaster-6-potraviny-biohospodarstvo-prirodne-zdroje-polnohospodarstvo-a-zivotne-prostredie-en\" aria-pressed=\"false\">Cluster 6: Food\u2013bioeconomy\u2013natural resources\u2013agriculture and the environment<\/button>\n\t\t\t\t\t\t\t<button class=\"e-filter-item\" data-filter=\"energetika-a-mobilita-en\" aria-pressed=\"false\">energy and mobility<\/button>\n\t\t\t\t\t\t\t<button class=\"e-filter-item\" data-filter=\"eticke-otazky-en\" aria-pressed=\"false\">Ethical concerns<\/button>\n\t\t\t\t\t\t\t<button class=\"e-filter-item\" data-filter=\"europska-rada-pre-inovacie-eic-en\" aria-pressed=\"false\">European Innovation Council (EIC)<\/button>\n\t\t\t\t\t\t\t<button class=\"e-filter-item\" data-filter=\"europske-inovacne-ekosystemy-eie-en\" aria-pressed=\"false\">European Innovation Ecosystems (EIE)<\/button>\n\t\t\t\t\t\t\t<button class=\"e-filter-item\" data-filter=\"europsky-inovacny-a-technologicky-institut-eit-en\" aria-pressed=\"false\">European Institute of Innovation and Technology (EIT)<\/button>\n\t\t\t\t\t\t\t<button class=\"e-filter-item\" data-filter=\"europska-rada-pre-vyskum-erc-en\" aria-pressed=\"false\">European Research Council (ERC)<\/button>\n\t\t\t\t\t\t\t<button class=\"e-filter-item\" data-filter=\"financne-otazky-en\" aria-pressed=\"false\">Financial issues<\/button>\n\t\t\t\t\t\t\t<button class=\"e-filter-item\" data-filter=\"pravne-otazky-en\" aria-pressed=\"false\">Legal issues<\/button>\n\t\t\t\t\t\t\t<button class=\"e-filter-item\" data-filter=\"akcie-marie-sklodowska-curie-en\" aria-pressed=\"false\">Marie Sk\u0142odowska-Curie Actions<\/button>\n\t\t\t\t\t\t\t<button class=\"e-filter-item\" data-filter=\"misia-adaptacia-na-zmenu-klimy-oblast-spolocenske-transformacie-en\" aria-pressed=\"false\">Mission: Adaptation to climate change (area: Social transformations)<\/button>\n\t\t\t\t\t\t\t<button class=\"e-filter-item\" data-filter=\"misia-adaptacia-na-zmenu-klimy-en\" aria-pressed=\"false\">Mission: Adapting to climate change<\/button>\n\t\t\t\t\t\t\t<button class=\"e-filter-item\" data-filter=\"misia-dohoda-o-pode-pre-europu-en\" aria-pressed=\"false\">Mission: Agreement on land for Europe<\/button>\n\t\t\t\t\t\t\t<button class=\"e-filter-item\" data-filter=\"misia-rakovina-en\" aria-pressed=\"false\">Mission: Cancer<\/button>\n\t\t\t\t\t\t\t<button class=\"e-filter-item\" data-filter=\"misia-klimaticky-neutralne-a-inteligentne-mesta-en\" aria-pressed=\"false\">Mission: Climate-neutral and smart cities<\/button>\n\t\t\t\t\t\t\t<button class=\"e-filter-item\" data-filter=\"misia-ocean-en\" aria-pressed=\"false\">Mission: Ocean<\/button>\n\t\t\t\t\t\t\t<button class=\"e-filter-item\" data-filter=\"misia-ocean-moria-a-vody-en\" aria-pressed=\"false\">Mission: Oceans, Seas, and Waters<\/button>\n\t\t\t\t\t\t\t<button class=\"e-filter-item\" data-filter=\"prirodne-zdroje-en\" aria-pressed=\"false\">natural resources<\/button>\n\t\t\t\t\t\t\t<button class=\"e-filter-item\" data-filter=\"biohospodarstvo-en\" aria-pressed=\"false\">organic farming<\/button>\n\t\t\t\t\t\t\t<button class=\"e-filter-item\" data-filter=\"ine-en\" aria-pressed=\"false\">Others<\/button>\n\t\t\t\t\t\t\t<button class=\"e-filter-item\" data-filter=\"partnerstva-oblast-klima-en\" aria-pressed=\"false\">Partnerships: Climate<\/button>\n\t\t\t\t\t\t\t<button class=\"e-filter-item\" data-filter=\"partnerstva-oblast-klima-energetika-a-mobilita-en\" aria-pressed=\"false\">Partnerships: Climate, Energy, and Mobility<\/button>\n\t\t\t\t\t\t\t<button class=\"e-filter-item\" data-filter=\"partnerstva-oblast-digitalizacia-en\" aria-pressed=\"false\">Partnerships: Digitalization<\/button>\n\t\t\t\t\t\t\t<button class=\"e-filter-item\" data-filter=\"partnerstva-oblast-digitalizacia-priemysel-a-vesmir-en\" aria-pressed=\"false\">Partnerships: Digitalization, Industry, and Space<\/button>\n\t\t\t\t\t\t\t<button class=\"e-filter-item\" data-filter=\"partnerstva-oblast-potraviny-biohospodarstvo-prirodne-zdroje-polnohospodarstvo-a-zivotne-prostredie-en\" aria-pressed=\"false\">Partnerships: Food, bioeconomy, natural resources, agriculture, and environment<\/button>\n\t\t\t\t\t\t\t<button class=\"e-filter-item\" data-filter=\"partnerstva-oblast-zdravie-en\" aria-pressed=\"false\">Partnerships: Health<\/button>\n\t\t\t\t\t\t\t<button class=\"e-filter-item\" data-filter=\"partnerstva-partnerstva-napriec-temami-en\" aria-pressed=\"false\">Partnerships: Partnerships across themes<\/button>\n\t\t\t\t\t\t\t<button class=\"e-filter-item\" data-filter=\"partnerstva-v-ramci-verejneho-sektora-p2p-en\" aria-pressed=\"false\">Public sector partnerships (P2P)<\/button>\n\t\t\t\t\t\t\t<button class=\"e-filter-item\" data-filter=\"vyskumne-infrastruktury-en\" aria-pressed=\"false\">Research infrastructures<\/button>\n\t\t\t\t\t\t\t<button class=\"e-filter-item\" data-filter=\"moria-a-vody-en\" aria-pressed=\"false\">seas and waters<\/button>\n\t\t\t\t\t\t\t<button class=\"e-filter-item\" data-filter=\"rozsirovanie-ucasti-a-posilnenie-europskeho-vyskumneho-priestoru-en\" aria-pressed=\"false\">Widening participation and strengthening the European Research Area<\/button>\n\t\t\t\n\t\t\t\t\t\t\t\t\t<button class=\"e-filter-item\" data-filter=\"__all\" aria-pressed=\"true\">\n\t\t\t\tAll\t\t\t<\/button>\n\t\t\t\t\t<\/search>\n\t\t\t\t\t\t<\/div>\n\t\t\t\t<\/div>\n\t\t\t\t<\/div>\n\t\t\t\t\t<\/details>\n\t\t\t\t\t<\/div>\n\t\t\t\t\t\t<\/div>\n\t\t\t\t<\/div>\n\t\t\t\t<div class=\"elementor-element elementor-element-190d6f5 elementor-hidden-desktop elementor-hidden-tablet elementor-hidden-mobile elementor-widget elementor-widget-shortcode\" data-id=\"190d6f5\" data-element_type=\"widget\" data-e-type=\"widget\" data-widget_type=\"shortcode.default\">\n\t\t\t\t<div class=\"elementor-widget-container\">\n\t\t\t\t\t\t\t<div class=\"elementor-shortcode\"><div id=\"odporucame-filter-container\">\n                    <form id=\"odporucame-filter-form\">\n                        <label for=\"oblast_slord\">Vyberte Oblas\u0165:<\/label>\n                        <select id=\"oblast_slord\" name=\"oblast_slord\">\n                            <option value=\"\">V\u0161etky Oblasti<\/option><option value=\"polnohospodarstvo-a-zivotne-prostredie-en\">agriculture and the environment<\/option><option value=\"ai-en\">AI<\/option><option value=\"klaster-1-zdravie-en\">Cluster 1: Health<\/option><option value=\"klaster-2-kultura-tvorivost-a-inkluzivna-spolocnost-en\">Cluster 2: Culture \u2013 creativity and inclusive society<\/option><option value=\"klaster-3-civilna-bezpecnost-pre-spolocnost-en\">Cluster 3: Civil security for society<\/option><option value=\"klaster-4-digitalizacia-priemysel-a-vesmir-en\">Cluster 4: Digitization \u2013 Industry and Space<\/option><option value=\"klaster-5-klima-energetika-a-mobilita-en\">Cluster 5: Climate\u2013energy and mobility<\/option><option value=\"klaster-6-potraviny-biohospodarstvo-prirodne-zdroje-polnohospodarstvo-a-zivotne-prostredie-en\">Cluster 6: Food\u2013bioeconomy\u2013natural resources\u2013agriculture and the environment<\/option><option value=\"energetika-a-mobilita-en\">energy and mobility<\/option><option value=\"eticke-otazky-en\">Ethical concerns<\/option><option value=\"europska-rada-pre-inovacie-eic-en\">European Innovation Council (EIC)<\/option><option value=\"europske-inovacne-ekosystemy-eie-en\">European Innovation Ecosystems (EIE)<\/option><option value=\"europsky-inovacny-a-technologicky-institut-eit-en\">European Institute of Innovation and Technology (EIT)<\/option><option value=\"europska-rada-pre-vyskum-erc-en\">European Research Council (ERC)<\/option><option value=\"financne-otazky-en\">Financial issues<\/option><option value=\"pravne-otazky-en\">Legal issues<\/option><option value=\"akcie-marie-sklodowska-curie-en\">Marie Sk\u0142odowska-Curie Actions<\/option><option value=\"misia-adaptacia-na-zmenu-klimy-oblast-spolocenske-transformacie-en\">Mission: Adaptation to climate change (area: Social transformations)<\/option><option value=\"misia-adaptacia-na-zmenu-klimy-en\">Mission: Adapting to climate change<\/option><option value=\"misia-dohoda-o-pode-pre-europu-en\">Mission: Agreement on land for Europe<\/option><option value=\"misia-rakovina-en\">Mission: Cancer<\/option><option value=\"misia-klimaticky-neutralne-a-inteligentne-mesta-en\">Mission: Climate-neutral and smart cities<\/option><option value=\"misia-ocean-en\">Mission: Ocean<\/option><option value=\"misia-ocean-moria-a-vody-en\">Mission: Oceans, Seas, and Waters<\/option><option value=\"prirodne-zdroje-en\">natural resources<\/option><option value=\"biohospodarstvo-en\">organic farming<\/option><option value=\"ine-en\">Others<\/option><option value=\"partnerstva-oblast-klima-en\">Partnerships: Climate<\/option><option value=\"partnerstva-oblast-klima-energetika-a-mobilita-en\">Partnerships: Climate, Energy, and Mobility<\/option><option value=\"partnerstva-oblast-digitalizacia-en\">Partnerships: Digitalization<\/option><option value=\"partnerstva-oblast-digitalizacia-priemysel-a-vesmir-en\">Partnerships: Digitalization, Industry, and Space<\/option><option value=\"partnerstva-oblast-potraviny-biohospodarstvo-prirodne-zdroje-polnohospodarstvo-a-zivotne-prostredie-en\">Partnerships: Food, bioeconomy, natural resources, agriculture, and environment<\/option><option value=\"partnerstva-oblast-zdravie-en\">Partnerships: Health<\/option><option value=\"partnerstva-partnerstva-napriec-temami-en\">Partnerships: Partnerships across themes<\/option><option value=\"partnerstva-v-ramci-verejneho-sektora-p2p-en\">Public sector partnerships (P2P)<\/option><option value=\"vyskumne-infrastruktury-en\">Research infrastructures<\/option><option value=\"moria-a-vody-en\">seas and waters<\/option><option value=\"rozsirovanie-ucasti-a-posilnenie-europskeho-vyskumneho-priestoru-en\">Widening participation and strengthening the European Research Area<\/option>                    <\/select>\n                        <label for=\"search_term\" style=\"display: none;\">Vyh\u013ead\u00e1va\u0165:<\/label>\n                        <input placeholder=\"H\u013eada\u0165\" type=\"text\" id=\"search_term\" name=\"search_term\" value=\"\">\n                        <input style=\"margin-top: 20px;\" type=\"submit\" value=\"Pou\u017ei\u0165\" class=\"aktualita_filter_submit\">\n                        <button type=\"button\" id=\"reset-filter\" class=\"reset-filter\">Obnovi\u0165 filtre<\/button>\n                     <\/form>\n                     <div id=\"filter-loading\" style=\"display: none;\">Na\u010d\u00edtavam...<\/div>\n                 <\/div><\/div>\n\t\t\t\t\t\t<\/div>\n\t\t\t\t<\/div>\n\t\t\t\t<\/div>\n\t\t<div class=\"elementor-element elementor-element-eac9106 e-con-full e-flex e-con e-child\" data-id=\"eac9106\" data-element_type=\"container\" data-e-type=\"container\">\n\t\t\t\t<div class=\"elementor-element elementor-element-07c9c75 elementor-grid-1 elementor-grid-tablet-2 elementor-grid-mobile-1 elementor-widget elementor-widget-loop-grid\" data-id=\"07c9c75\" data-element_type=\"widget\" data-e-type=\"widget\" data-settings=\"{&quot;template_id&quot;:186954,&quot;columns&quot;:1,&quot;pagination_type&quot;:&quot;numbers_and_prev_next&quot;,&quot;pagination_load_type&quot;:&quot;ajax&quot;,&quot;_skin&quot;:&quot;post&quot;,&quot;columns_tablet&quot;:&quot;2&quot;,&quot;columns_mobile&quot;:&quot;1&quot;,&quot;edit_handle_selector&quot;:&quot;[data-elementor-type=\\&quot;loop-item\\&quot;]&quot;,&quot;row_gap&quot;:{&quot;unit&quot;:&quot;px&quot;,&quot;size&quot;:&quot;&quot;,&quot;sizes&quot;:[]},&quot;row_gap_tablet&quot;:{&quot;unit&quot;:&quot;px&quot;,&quot;size&quot;:&quot;&quot;,&quot;sizes&quot;:[]},&quot;row_gap_mobile&quot;:{&quot;unit&quot;:&quot;px&quot;,&quot;size&quot;:&quot;&quot;,&quot;sizes&quot;:[]}}\" data-widget_type=\"loop-grid.post\">\n\t\t\t\t<div class=\"elementor-widget-container\">\n\t\t\t\t\t\t\t<div class=\"e-loop-nothing-found-message\">\n\t\t<\/div>\n\t\t\t\t\t\t<\/div>\n\t\t\t\t<\/div>\n\t\t\t\t<div class=\"elementor-element elementor-element-8de2649 elementor-hidden-desktop elementor-hidden-tablet elementor-hidden-mobile elementor-widget elementor-widget-shortcode\" data-id=\"8de2649\" data-element_type=\"widget\" data-e-type=\"widget\" data-widget_type=\"shortcode.default\">\n\t\t\t\t<div class=\"elementor-widget-container\">\n\t\t\t\t\t\t\t<div class=\"elementor-shortcode\"><div id=\"odporucame-results-container\"><p>V tomto filtrovacom krit\u00e9riu neboli n\u00e1jden\u00e9 \u017eiadne aktuality.<\/p><\/div><\/div>\n\t\t\t\t\t\t<\/div>\n\t\t\t\t<\/div>\n\t\t\t\t<\/div>\n\t\t\t\t\t<\/div>\n\t\t\t\t<\/div>\n\t\t\t\t<\/div>\n\t\t","protected":false},"excerpt":{"rendered":"<p>Oblasti slord AI Akcie &quot;Marie Sk\u0142odowska-Curie&quot; biohospod\u00e1rstvo energetika a mobilita Etick\u00e9 ot\u00e1zky Eur\u00f3pska rada pre inov\u00e1cie (EIC) Eur\u00f3pska rada pre v\u00fdskum (ERC) Eur\u00f3pske inova\u010dn\u00e9 ekosyst\u00e9my (EIE) Eur\u00f3psky inova\u010dn\u00fd a technologick\u00fd in\u0161tit\u00fat (EIT) Finan\u010dn\u00e9 ot\u00e1zky In\u00e9 Klaster 1: Zdravie Klaster 2: Kult\u00fara&#8211;tvorivos\u0165 a inkluz\u00edvna spolo\u010dnos\u0165 Klaster 3: Civiln\u00e1 bezpe\u010dnos\u0165 pre spolo\u010dnos\u0165 Klaster 4: Digitaliz\u00e1cia&#8211;priemysel a vesm\u00edr [&hellip;]<\/p>\n","protected":false},"author":1,"featured_media":0,"parent":0,"menu_order":0,"comment_status":"closed","ping_status":"closed","template":"","meta":{"_acf_changed":false,"footnotes":""},"class_list":["post-50319","page","type-page","status-publish","hentry"],"acf":[],"_links":{"self":[{"href":"https:\/\/slord.sk\/en\/wp-json\/wp\/v2\/pages\/50319","targetHints":{"allow":["GET"]}}],"collection":[{"href":"https:\/\/slord.sk\/en\/wp-json\/wp\/v2\/pages"}],"about":[{"href":"https:\/\/slord.sk\/en\/wp-json\/wp\/v2\/types\/page"}],"author":[{"embeddable":true,"href":"https:\/\/slord.sk\/en\/wp-json\/wp\/v2\/users\/1"}],"replies":[{"embeddable":true,"href":"https:\/\/slord.sk\/en\/wp-json\/wp\/v2\/comments?post=50319"}],"version-history":[{"count":14,"href":"https:\/\/slord.sk\/en\/wp-json\/wp\/v2\/pages\/50319\/revisions"}],"predecessor-version":[{"id":242433,"href":"https:\/\/slord.sk\/en\/wp-json\/wp\/v2\/pages\/50319\/revisions\/242433"}],"wp:attachment":[{"href":"https:\/\/slord.sk\/en\/wp-json\/wp\/v2\/media?parent=50319"}],"curies":[{"name":"wp","href":"https:\/\/api.w.org\/{rel}","templated":true}]}}