{"id":50323,"date":"2023-11-07T16:10:22","date_gmt":"2023-11-07T15:10:22","guid":{"rendered":"https:\/\/slorddemo.ecomcapsule.com\/news\/events\/"},"modified":"2026-01-29T14:38:28","modified_gmt":"2026-01-29T13:38:28","slug":"events","status":"publish","type":"page","link":"https:\/\/slord.sk\/en\/events\/","title":{"rendered":"Events"},"content":{"rendered":"\t\t<div data-elementor-type=\"wp-page\" data-elementor-id=\"50323\" class=\"elementor elementor-50323 elementor-114\" data-elementor-post-type=\"page\">\n\t\t\t\t<div class=\"elementor-element elementor-element-671a1b5 e-flex e-con-boxed e-con e-parent\" data-id=\"671a1b5\" data-element_type=\"container\" data-e-type=\"container\">\n\t\t\t\t\t<div class=\"e-con-inner\">\n\t\t<div class=\"elementor-element elementor-element-c494b41 e-con-full e-flex e-con e-child\" data-id=\"c494b41\" data-element_type=\"container\" data-e-type=\"container\">\n\t\t\t\t<div class=\"elementor-element elementor-element-841a721 elementor-widget elementor-widget-shortcode\" data-id=\"841a721\" data-element_type=\"widget\" data-e-type=\"widget\" data-settings=\"{&quot;sticky&quot;:&quot;top&quot;,&quot;sticky_on&quot;:[&quot;desktop&quot;,&quot;tablet&quot;],&quot;sticky_offset&quot;:45,&quot;sticky_effects_offset&quot;:29,&quot;sticky_parent&quot;:&quot;yes&quot;,&quot;sticky_anchor_link_offset&quot;:0}\" data-widget_type=\"shortcode.default\">\n\t\t\t\t<div class=\"elementor-widget-container\">\n\t\t\t\t\t\t\t<div class=\"elementor-shortcode\"><form action=\"\/en\/wp-json\/wp\/v2\/pages\/50323\" method=\"get\" class=\"event-filter-form\">\n                    <label for=\"start_date\">Start Date:<\/label>\n                    <input type=\"date\" id=\"start_date\" name=\"start_date\" value=\"\">\n                    \n                    <label for=\"end_date\">End Date:<\/label>\n                    <input type=\"date\" id=\"end_date\" name=\"end_date\" value=\"\">\n                    \n                    <label for=\"oblast_slord\">Select Area:<\/label>\n                    <select id=\"oblast_slord\" name=\"oblast_slord\">\n                        <option value=\"\">All Areas<\/option><option value=\"polnohospodarstvo-a-zivotne-prostredie-en\" >agriculture and the environment<\/option><option value=\"ai-en\" >AI<\/option><option value=\"klaster-1-zdravie-en\" >Cluster 1: Health<\/option><option value=\"klaster-2-kultura-tvorivost-a-inkluzivna-spolocnost-en\" >Cluster 2: Culture \u2013 creativity and inclusive society<\/option><option value=\"klaster-3-civilna-bezpecnost-pre-spolocnost-en\" >Cluster 3: Civil security for society<\/option><option value=\"klaster-4-digitalizacia-priemysel-a-vesmir-en\" >Cluster 4: Digitization \u2013 Industry and Space<\/option><option value=\"klaster-5-klima-energetika-a-mobilita-en\" >Cluster 5: Climate\u2013energy and mobility<\/option><option value=\"klaster-6-potraviny-biohospodarstvo-prirodne-zdroje-polnohospodarstvo-a-zivotne-prostredie-en\" >Cluster 6: Food\u2013bioeconomy\u2013natural resources\u2013agriculture and the environment<\/option><option value=\"energetika-a-mobilita-en\" >energy and mobility<\/option><option value=\"eticke-otazky-en\" >Ethical concerns<\/option><option value=\"europska-rada-pre-inovacie-eic-en\" >European Innovation Council (EIC)<\/option><option value=\"europske-inovacne-ekosystemy-eie-en\" >European Innovation Ecosystems (EIE)<\/option><option value=\"europsky-inovacny-a-technologicky-institut-eit-en\" >European Institute of Innovation and Technology (EIT)<\/option><option value=\"europska-rada-pre-vyskum-erc-en\" >European Research Council (ERC)<\/option><option value=\"financne-otazky-en\" >Financial issues<\/option><option value=\"pravne-otazky-en\" >Legal issues<\/option><option value=\"akcie-marie-sklodowska-curie-en\" >Marie Sk\u0142odowska-Curie Actions<\/option><option value=\"misia-adaptacia-na-zmenu-klimy-oblast-spolocenske-transformacie-en\" >Mission: Adaptation to climate change (area: Social transformations)<\/option><option value=\"misia-adaptacia-na-zmenu-klimy-en\" >Mission: Adapting to climate change<\/option><option value=\"misia-dohoda-o-pode-pre-europu-en\" >Mission: Agreement on land for Europe<\/option><option value=\"misia-rakovina-en\" >Mission: Cancer<\/option><option value=\"misia-klimaticky-neutralne-a-inteligentne-mesta-en\" >Mission: Climate-neutral and smart cities<\/option><option value=\"misia-ocean-en\" >Mission: Ocean<\/option><option value=\"misia-ocean-moria-a-vody-en\" >Mission: Oceans, Seas, and Waters<\/option><option value=\"prirodne-zdroje-en\" >natural resources<\/option><option value=\"biohospodarstvo-en\" >organic farming<\/option><option value=\"ine-en\" >Others<\/option><option value=\"partnerstva-oblast-klima-en\" >Partnerships: Climate<\/option><option value=\"partnerstva-oblast-klima-energetika-a-mobilita-en\" >Partnerships: Climate, Energy, and Mobility<\/option><option value=\"partnerstva-oblast-digitalizacia-en\" >Partnerships: Digitalization<\/option><option value=\"partnerstva-oblast-digitalizacia-priemysel-a-vesmir-en\" >Partnerships: Digitalization, Industry, and Space<\/option><option value=\"partnerstva-oblast-potraviny-biohospodarstvo-prirodne-zdroje-polnohospodarstvo-a-zivotne-prostredie-en\" >Partnerships: Food, bioeconomy, natural resources, agriculture, and environment<\/option><option value=\"partnerstva-oblast-zdravie-en\" >Partnerships: Health<\/option><option value=\"partnerstva-partnerstva-napriec-temami-en\" >Partnerships: Partnerships across themes<\/option><option value=\"partnerstva-v-ramci-verejneho-sektora-p2p-en\" >Public sector partnerships (P2P)<\/option><option value=\"vyskumne-infrastruktury-en\" >Research infrastructures<\/option><option value=\"moria-a-vody-en\" >seas and waters<\/option><option value=\"rozsirovanie-ucasti-a-posilnenie-europskeho-vyskumneho-priestoru-en\" >Widening participation and strengthening the European Research Area<\/option><\/select>\n                    <label for=\"stat\">Select Country:<\/label>\n                    <select id=\"stat\" name=\"stat\">\n                        <option value=\"\">All Countries<\/option><option value=\"Belgicko\" >Belgiumm<\/option><option value=\"\u0160panielsko\" >Spain<\/option><option value=\"Po\u013esko\" >Poland<\/option><option value=\"Ve\u013ek\u00e1 Brit\u00e1nia\" >United Kingdom<\/option><option value=\"Taliansko\" >Italy<\/option><option value=\"Rak\u00fasko\" >Austria<\/option><option value=\"Rumunsko\" >Romania<\/option><option value=\"Spojen\u00e9 \u0161t\u00e1ty americk\u00e9\" >United States of America<\/option><option value=\"Nemecko\" >Germany<\/option><option value=\"\u010c\u00edna\" >China<\/option><option value=\"Slovensko\" >Slovakia<\/option><option value=\"\u010cesk\u00e1 republika\" >Czech Republic<\/option><option value=\"Ma\u010farsko\" >Hungary<\/option><option value=\"Loty\u0161sko\" >Latvia<\/option><option value=\"Portugalsko\" >Portugal<\/option><option value=\"Gr\u00e9cko\" >Greece<\/option><option value=\"Franc\u00fazsko\" >France<\/option><option value=\"F\u00ednsko\" >Finland<\/option><option value=\"Holandsko\" >Netherlands<\/option><option value=\"Slovinsko\" >Slovenia<\/option><option value=\"Litva\" >Lithuania<\/option><option value=\"Kanada\" >Canada<\/option><option value=\"Luxembursko\" >Luxembourg<\/option><option value=\"\u00cdrsko\" >Ireland<\/option><option value=\"Ju\u017en\u00e1 Afrika\" >South Africa<\/option><option value=\"Mexiko\" >Mexico<\/option><option value=\"Turecko\" >Turkey<\/option><option value=\"Egypt\" >Egypt<\/option><option value=\"Monako\" >Monaco<\/option><option value=\"Filip\u00edny\" >Philippines<\/option><option value=\"\u0160v\u00e9dsko\" >Sweden<\/option><option value=\"Est\u00f3nsko\" >Estonia<\/option><option value=\"D\u00e1nsko\" >Denmark<\/option><option value=\"Austr\u00e1lia\" >Australia<\/option><option value=\"Chorv\u00e1tsko\" >Croatia<\/option><option value=\"Bulharsko\" >Bulgaria<\/option><option value=\"Spojen\u00e9 arabsk\u00e9 emir\u00e1ty\" >United Arab Emirates<\/option><option value=\"N\u00f3rsko\" >Norway<\/option><option value=\"Japonsko\" >Japan<\/option><option value=\"V\u0161etky\" >All<\/option><option value=\"Spojen\u00e9 kr\u00e1\u013eovstvo\" >United Kingdom<\/option><option value=\"\u010cierna Hora\" >Montenegro<\/option><option value=\"Franc\u00fazsko\/online\" >France\/online<\/option><option value=\"Belgicko\/online\" >Belgium\/online<\/option><option value=\"\u010cesko\" >Czech Republic<\/option><option value=\"Slovensk\u00e1 republika\" >Slovak Republic<\/option><option value=\"SR\" >Slovakia<\/option><option value=\"Belgicko, online\" >Belgium, online<\/option><option value=\"Cyprus\" >Cyprus<\/option><option value=\"Ukrajina\" >Ukraine<\/option><\/select>\n                    <label for=\"typ_podujatia\">Select Event Type:<\/label>\n                    <select id=\"typ_podujatia\" name=\"typ_podujatia\">\n                        <option value=\"\">All Types<\/option><option value=\"Webin\u00e1r\" >Webinar<\/option><option value=\"Konferencia\" >Conference<\/option><option value=\"Brokerage event\" >Brokerage event<\/option><option value=\"F\u00f3rum\" >Forum<\/option><option value=\"Informa\u010dn\u00fd de\u0148\" >Information day<\/option><option value=\"Workshop\" >Workshop<\/option><option value=\"Odborn\u00fd semin\u00e1r\" >Expert seminar<\/option><option value=\"Diskusia\" >Discussion<\/option><option value=\"Semin\u00e1r\" >Seminar<\/option><option value=\"Symp\u00f3zium\" >Symposium<\/option><option value=\"Festival\" >Festival<\/option><option value=\"Prezent\u00e1cia\" >Presentation<\/option><option value=\"V\u00fdstava\" >Exhibition<\/option><option value=\"Predn\u00e1\u0161ka\" >Lecture<\/option><option value=\"S\u00fa\u0165a\u017e\" >Competition<\/option><option value=\"De\u0148 otvoren\u00fdch dver\u00ed\" >Open Day<\/option><option value=\"Kongres\" >Congress<\/option><option value=\"Letn\u00e1 \u0161kola\" >Summer school<\/option><option value=\"Hackaton\" >Hackaton<\/option><\/select>\n                    <input placeholder=\"Search\" type=\"text\" name=\"search_term\" value=\"\">\n                    <input type=\"submit\" value=\"Apply\">\n                    <a href=\"\/en\/wp-json\/wp\/v2\/pages\/50323\" class=\"reset-filter\">Reset<\/a>\n                 <\/form><\/div>\n\t\t\t\t\t\t<\/div>\n\t\t\t\t<\/div>\n\t\t\t\t<\/div>\n\t\t<div class=\"elementor-element elementor-element-d93c82f e-con-full e-flex e-con e-child\" data-id=\"d93c82f\" data-element_type=\"container\" data-e-type=\"container\">\n\t\t\t\t<div class=\"elementor-element elementor-element-99f411a elementor-widget elementor-widget-shortcode\" data-id=\"99f411a\" data-element_type=\"widget\" data-e-type=\"widget\" data-widget_type=\"shortcode.default\">\n\t\t\t\t<div class=\"elementor-widget-container\">\n\t\t\t\t\t\t\t<div class=\"elementor-shortcode\"><table class=\"events-table\">\n                    <thead>\n                      <tr>\n                        <th>Start<\/th>\n                        <th>End<\/th>\n                        <th>Type<\/th>\n                        <th>Organizer<\/th>\n                        <th>Title<\/th>\n                        <th>Location<\/th>\n                      <\/tr>\n                    <\/thead><tbody><tr>\n                            <td>22.04.2026 09:30<\/td>\n                            <td>22.04.2026 12:30<\/td>\n                            <td>Brokerage event<\/td>\n                            <td>University of Pannonia; Hungarian University of agriculture and life sciences (MATE); University of Zagreb Faculty of Agriculture (FAZ); Lithuanian RDI liaison office (LINO) and NCPs at the Research Council of Lithuania; Slovak Liaison Office for Research and Development (SLORD); The National Centre for Research and Development Poland (NCBR); Euro Atlantic Diplomacy Society (EADS)<\/td>\n                            <td><a href=\"https:\/\/slord.sk\/en\/podujatie\/partnering-for-horizon-europe-2026-building-consortia-in-circular-bio-based-innovation\/\">Partnering for Horizon Europe 2026: Building Consortia in Circular &amp; Bio-Based Innovation<\/a><\/td>\n                            <td>Online<\/td>\n                          <\/tr><\/tbody><\/table><\/div>\n\t\t\t\t\t\t<\/div>\n\t\t\t\t<\/div>\n\t\t\t\t<\/div>\n\t\t\t\t\t<\/div>\n\t\t\t\t<\/div>\n\t\t<div class=\"elementor-element elementor-element-b1ad78a e-flex e-con-boxed e-con e-parent\" data-id=\"b1ad78a\" data-element_type=\"container\" data-e-type=\"container\">\n\t\t\t\t\t<div class=\"e-con-inner\">\n\t\t\t\t\t<\/div>\n\t\t\t\t<\/div>\n\t\t<div class=\"elementor-element elementor-element-a715259 e-flex e-con-boxed e-con e-parent\" data-id=\"a715259\" data-element_type=\"container\" data-e-type=\"container\">\n\t\t\t\t\t<div class=\"e-con-inner\">\n\t\t\t\t<div class=\"elementor-element elementor-element-bd25a9e elementor-align-center elementor-widget elementor-widget-button\" data-id=\"bd25a9e\" data-element_type=\"widget\" data-e-type=\"widget\" data-widget_type=\"button.default\">\n\t\t\t\t<div class=\"elementor-widget-container\">\n\t\t\t\t\t\t\t\t\t<div class=\"elementor-button-wrapper\">\n\t\t\t\t\t<a class=\"elementor-button elementor-button-link elementor-size-sm\" href=\"https:\/\/slord.sk\/podujatia-archiv\/\">\n\t\t\t\t\t\t<span class=\"elementor-button-content-wrapper\">\n\t\t\t\t\t\t\t\t\t<span class=\"elementor-button-text\">Events archive<\/span>\n\t\t\t\t\t<\/span>\n\t\t\t\t\t<\/a>\n\t\t\t\t<\/div>\n\t\t\t\t\t\t\t\t<\/div>\n\t\t\t\t<\/div>\n\t\t\t\t\t<\/div>\n\t\t\t\t<\/div>\n\t\t\t\t<\/div>\n\t\t","protected":false},"excerpt":{"rendered":"<p>Events archive<\/p>\n","protected":false},"author":1,"featured_media":0,"parent":0,"menu_order":0,"comment_status":"closed","ping_status":"closed","template":"","meta":{"_acf_changed":false,"footnotes":""},"class_list":["post-50323","page","type-page","status-publish","hentry"],"acf":[],"_links":{"self":[{"href":"https:\/\/slord.sk\/en\/wp-json\/wp\/v2\/pages\/50323","targetHints":{"allow":["GET"]}}],"collection":[{"href":"https:\/\/slord.sk\/en\/wp-json\/wp\/v2\/pages"}],"about":[{"href":"https:\/\/slord.sk\/en\/wp-json\/wp\/v2\/types\/page"}],"author":[{"embeddable":true,"href":"https:\/\/slord.sk\/en\/wp-json\/wp\/v2\/users\/1"}],"replies":[{"embeddable":true,"href":"https:\/\/slord.sk\/en\/wp-json\/wp\/v2\/comments?post=50323"}],"version-history":[{"count":22,"href":"https:\/\/slord.sk\/en\/wp-json\/wp\/v2\/pages\/50323\/revisions"}],"predecessor-version":[{"id":242565,"href":"https:\/\/slord.sk\/en\/wp-json\/wp\/v2\/pages\/50323\/revisions\/242565"}],"wp:attachment":[{"href":"https:\/\/slord.sk\/en\/wp-json\/wp\/v2\/media?parent=50323"}],"curies":[{"name":"wp","href":"https:\/\/api.w.org\/{rel}","templated":true}]}}