{"id":50745,"date":"2023-11-06T18:13:29","date_gmt":"2023-11-06T17:13:29","guid":{"rendered":"https:\/\/new.slord.sk\/privacy-policy\/"},"modified":"2024-03-02T18:25:58","modified_gmt":"2024-03-02T17:25:58","slug":"privacy-policy","status":"publish","type":"page","link":"https:\/\/slord.sk\/en\/privacy-policy\/","title":{"rendered":"PRIVACY POLICY"},"content":{"rendered":"\t\t<div data-elementor-type=\"wp-page\" data-elementor-id=\"50745\" class=\"elementor elementor-50745 elementor-3\" data-elementor-post-type=\"page\">\n\t\t\t\t<div class=\"elementor-element elementor-element-2ba98e3 e-flex e-con-boxed e-con e-parent\" data-id=\"2ba98e3\" data-element_type=\"container\" data-e-type=\"container\">\n\t\t\t\t\t<div class=\"e-con-inner\">\n\t\t\t\t<div class=\"elementor-element elementor-element-be09da7 elementor-widget elementor-widget-text-editor\" data-id=\"be09da7\" data-element_type=\"widget\" data-e-type=\"widget\" data-widget_type=\"text-editor.default\">\n\t\t\t\t<div class=\"elementor-widget-container\">\n\t\t\t\t\t\t\t\t\t<h1>Privacy protection<\/h1>\n<p><strong>Privacy Policy:<\/strong><\/p>\n<p><strong>Introductory provisions:<\/strong><\/p>\n<p>The Centre for Scientific and Technical Information of the Slovak Republic (hereinafter referred to as &#8220;CVTI SR&#8221;) Lama\u010dsk\u00e1 cesta 7315\/8A, 811 04 Bratislava as an operator processes personal data in its activities. Contact details:<strong>Director&#8217;s Secretariat: 02\/69 253 102<\/strong>, <a href=\"mailto:sekretariat@cvtisr.sk\">sekretariat@cvtisr.sk<\/a><\/p>\n<p>The purpose of these terms and conditions is to inform you about the conditions under which CVTI SR processes personal data. Any questions regarding the protection of your personal data can be sent in writing to the address of CVTI SR or by e-mail to <a href=\"mailto:gdpr@cvtisr.sk\">gdpr@cvtisr.sk<\/a><\/p>\n<p><a href=\"https:\/\/www.cvtisr.sk\/cvti-sr-vedecka-kniznica\/ochrana-sukromia.html?page_id=23233\" target=\"_blank\" rel=\"noreferrer noopener\" aria-label=\"CVTI SR sprac\u00fava osobn\u00e9 \u00fadaje dotknut\u00fdch os\u00f4b (otvor\u00ed sa v novej karte)\">CVTI SR processes personal data of data subjects<\/a> in accordance with Act No. 18\/2018 Z. z. on the protection of personal data (&#8220;Data Protection Act&#8221;) and Regulation (EU) 2016\/679 of the European Parliament and of the Council on the protection of natural persons with regard to the processing of personal data and on the free movement of such data and repealing Directive 95\/46\/EC on the protection of personal data. CVTI SR has taken appropriate technical and organisational measures to ensure the level of security in the processing of personal data.<\/p>\n<p><strong>Reason for processing personal data:<\/strong><\/p>\n<ul>\n<li>compliance with legal and contractual obligations;<\/li>\n<li>protect the legitimate interests of us, our employees and others;<\/li>\n<li>to fulfill the tasks arising from the charter of incorporation dated 25.1.2002, as amended by amendment no.1 of 2.1.2008 and as amended by amendment no.2 of 12.5.2008.<\/li>\n<\/ul>\n<p><strong><a href=\"https:\/\/www.cvtisr.sk\/buxus\/docs\/\/GDPR\/Podmienky_ochrany_sukromia.pdf\">CVTI SR PRIVACY POLICY<\/a><\/strong><\/p>\n<p><strong><a href=\"https:\/\/eraportal.sk\/wp-content\/uploads\/2020\/05\/Dohoda-%C4%8Dl.-26-Horizont-2020_up-9.7.2019_Final_zverejnenie.pdf\">Specific information on the processing of personal data in the context of Horizon 2020 \/ Horizon Europe<\/a><\/strong><\/p>\t\t\t\t\t\t\t\t<\/div>\n\t\t\t\t<\/div>\n\t\t\t\t\t<\/div>\n\t\t\t\t<\/div>\n\t\t\t\t<\/div>\n\t\t","protected":false},"excerpt":{"rendered":"<p>Privacy protection Privacy Policy: Introductory provisions: The Centre for Scientific and Technical Information of the Slovak Republic (hereinafter referred to as &#8220;CVTI SR&#8221;) Lama\u010dsk\u00e1 cesta 7315\/8A, 811 04 Bratislava as an operator processes personal data in its activities. Contact details:Director&#8217;s Secretariat: 02\/69 253 102, sekretariat@cvtisr.sk The purpose of these terms and conditions is to inform [&hellip;]<\/p>\n","protected":false},"author":1,"featured_media":0,"parent":0,"menu_order":0,"comment_status":"closed","ping_status":"open","template":"","meta":{"_acf_changed":false,"footnotes":""},"class_list":["post-50745","page","type-page","status-publish","hentry"],"acf":[],"_links":{"self":[{"href":"https:\/\/slord.sk\/en\/wp-json\/wp\/v2\/pages\/50745","targetHints":{"allow":["GET"]}}],"collection":[{"href":"https:\/\/slord.sk\/en\/wp-json\/wp\/v2\/pages"}],"about":[{"href":"https:\/\/slord.sk\/en\/wp-json\/wp\/v2\/types\/page"}],"author":[{"embeddable":true,"href":"https:\/\/slord.sk\/en\/wp-json\/wp\/v2\/users\/1"}],"replies":[{"embeddable":true,"href":"https:\/\/slord.sk\/en\/wp-json\/wp\/v2\/comments?post=50745"}],"version-history":[{"count":1,"href":"https:\/\/slord.sk\/en\/wp-json\/wp\/v2\/pages\/50745\/revisions"}],"predecessor-version":[{"id":50746,"href":"https:\/\/slord.sk\/en\/wp-json\/wp\/v2\/pages\/50745\/revisions\/50746"}],"wp:attachment":[{"href":"https:\/\/slord.sk\/en\/wp-json\/wp\/v2\/media?parent=50745"}],"curies":[{"name":"wp","href":"https:\/\/api.w.org\/{rel}","templated":true}]}}